{"id":102,"date":"2021-02-11T10:35:16","date_gmt":"2021-02-11T10:35:16","guid":{"rendered":"https:\/\/bizbergthemes.com\/next-level-blog-lite\/?page_id=31"},"modified":"2021-03-05T13:05:59","modified_gmt":"2021-03-05T12:05:59","slug":"a-propos","status":"publish","type":"page","link":"http:\/\/marieme.fr\/?page_id=102","title":{"rendered":"QUI SUIS-JE ?"},"content":{"rendered":"\n<div class=\"wp-block-image is-style-rounded\"><figure class=\"alignright size-large\"><img loading=\"lazy\" width=\"306\" height=\"408\" src=\"http:\/\/marieme.fr\/wp-content\/uploads\/2021\/03\/A-propos-Marieme-blog-paint-1.png\" alt=\"\" class=\"wp-image-162\" srcset=\"http:\/\/marieme.fr\/wp-content\/uploads\/2021\/03\/A-propos-Marieme-blog-paint-1.png 306w, http:\/\/marieme.fr\/wp-content\/uploads\/2021\/03\/A-propos-Marieme-blog-paint-1-225x300.png 225w\" sizes=\"(max-width: 306px) 100vw, 306px\" \/><\/figure><\/div>\n\n\n\n<p>Si vous \u00eates arriv\u00e9 sur ce blog, c&#8217;est que vous avez envie de vous mettre \u00e0 la couture ! Alors bienvenue sur ce blog couture pour les d\u00e9butants r\u00e9alis\u00e9 par une d\u00e9butante, ici vous trouverez des tutos pour r\u00e9aliser vous-m\u00eame <a href=\"http:\/\/marieme.fr\/#\">des accessoires<\/a> et m\u00eame <a href=\"http:\/\/marieme.fr\/#\">des v\u00eatements<\/a>.<\/p>\n\n\n\n<p class=\"has-medium-font-size\"><strong><span style=\"color:#cc3a0a\" class=\"has-inline-color\">Pourquoi ce blog ? <\/span><\/strong><\/p>\n\n\n\n<p>Pouvoir cr\u00e9er une petite bulle \u00e0 c\u00f4t\u00e9 de ma vie quotidienne est devenue importante pour moi. En effet, j&#8217;ai souvent eu envie de cr\u00e9er des choses par moi-m\u00eame, et des v\u00eatements plus particuli\u00e8rement. Pourquoi des v\u00eatements ? Parce que j&#8217;ai du mal \u00e0 trouver les tenues qui me plaisent et qui me vont. Quand tu mesures 1m80 en France, c&#8217;est plut\u00f4t compliqu\u00e9 de trouver ce que  tu souhaites vraiment.<\/p>\n\n\n\n<p>Tout \u00e7a pour dire que j&#8217;ai cr\u00e9\u00e9 ce blog pour apprendre \u00e0 coudre en m\u00eame temps que vous ! Parfois je me sens un peu perdue sur certains blogs de couture \u00e9tant donn\u00e9 mon niveau de d\u00e9butante. Donc je voulais avoir un univers\/un blog \u00e0 destination des d\u00e9butants en couture (m\u00eame si j&#8217;aspire \u00e0 ne plus l&#8217;\u00eatre un jour \ud83d\ude04)<\/p>\n\n\n\n<p>Ca peut para\u00eetre dr\u00f4le \u00e0 dire, mais je cherche quelque chose \u00e0 faire de mes mains. J&#8217;aime mon travail actuel, mais je ressens le besoin de cr\u00e9er des choses de moi-m\u00eame. J&#8217;ai toujours eu une attirance pour les cr\u00e9ations textiles et d&#8217;accessoires, mais je suis dit que ce n&#8217;\u00e9tait pas pour moi parce que je n&#8217;avais pas fait les \u00e9tudes ad\u00e9quates. Mais l\u00e0 j&#8217;ai d\u00e9cid\u00e9 de commencer \u00e0 faire les choses, sans trop r\u00e9fl\u00e9chir, et on verra bien o\u00f9 cela me m\u00e8nera.<\/p>\n\n\n\n<p>J&#8217;esp\u00e8re vous montrer petit \u00e0 petit qui je suis et mon univers \u00e0 travers les diff\u00e9rents articles qui seront post\u00e9s.<\/p>\n\n\n\n<p>So let&#8217;s get sewing together !<\/p>\n\n\n\n<p><strong>Retrouvez ma page <\/strong><a href=\"https:\/\/www.instagram.com\/marieme.couture\/\"><strong>Instagram<\/strong><\/a><\/p>\n\n\n\n<p><strong>N&#8217;h\u00e9sitez pas \u00e0 r\u00e9aliser les tutos et \u00e0 m&#8217;envoyer vos r\u00e9alisations ou \u00e0 les poster sur Insta avec le hashtag #MariemeCouture<\/strong><\/p>\n\n\n\n<p><\/p>\n\n\n\n<ul><li><strong>Ajouter une photo<\/strong><\/li><li><strong>mettre des phrase en valeur<\/strong><\/li><li><strong>utiliser des couleurs diff\u00e9rentes<\/strong><\/li><li>mettre \u00e0 jour les liens internes v\u00eatements et accessoires<\/li><\/ul>\n","protected":false},"excerpt":{"rendered":"<p>Si vous \u00eates arriv\u00e9 sur ce blog, c&#8217;est que vous avez envie de vous mettre \u00e0 la couture ! Alors bienvenue sur ce blog couture pour les d\u00e9butants r\u00e9alis\u00e9 par une d\u00e9butante, ici vous trouverez des tutos pour r\u00e9aliser vous-m\u00eame des accessoires et m\u00eame des v\u00eatements. Pourquoi ce blog ? Pouvoir cr\u00e9er une petite bulle [&hellip;]<\/p>\n","protected":false},"author":1,"featured_media":0,"parent":0,"menu_order":0,"comment_status":"closed","ping_status":"closed","template":"","meta":[],"yoast_head":"<!-- This site is optimized with the Yoast SEO plugin v15.9 - https:\/\/yoast.com\/wordpress\/plugins\/seo\/ -->\n<title>Blog couture pour d\u00e9butants - A propos - Marieme.fr<\/title>\n<meta name=\"description\" content=\"Blog couture cr\u00e9\u00e9 par une d\u00e9butante pour les d\u00e9butants. Retrouvez tous les tutos en cliquant ici !\" \/>\n<meta name=\"robots\" content=\"index, follow, max-snippet:-1, max-image-preview:large, max-video-preview:-1\" \/>\n<link rel=\"canonical\" href=\"http:\/\/marieme.fr\/?page_id=102\" \/>\n<meta property=\"og:locale\" content=\"en_US\" \/>\n<meta property=\"og:type\" content=\"article\" \/>\n<meta property=\"og:title\" content=\"Blog couture pour d\u00e9butants - A propos - Marieme.fr\" \/>\n<meta property=\"og:description\" content=\"Blog couture cr\u00e9\u00e9 par une d\u00e9butante pour les d\u00e9butants. Retrouvez tous les tutos en cliquant ici !\" \/>\n<meta property=\"og:url\" content=\"http:\/\/marieme.fr\/?page_id=102\" \/>\n<meta property=\"og:site_name\" content=\"Mari\u00e8me\" \/>\n<meta property=\"article:modified_time\" content=\"2021-03-05T12:05:59+00:00\" \/>\n<meta property=\"og:image\" content=\"http:\/\/marieme.fr\/wp-content\/uploads\/2021\/03\/A-propos-Marieme-blog-paint-1.png\" \/>\n<meta name=\"twitter:card\" content=\"summary_large_image\" \/>\n<meta name=\"twitter:label1\" content=\"Est. reading time\">\n\t<meta name=\"twitter:data1\" content=\"2 minutes\">\n<script type=\"application\/ld+json\" class=\"yoast-schema-graph\">{\"@context\":\"https:\/\/schema.org\",\"@graph\":[{\"@type\":\"WebSite\",\"@id\":\"http:\/\/marieme.fr\/#website\",\"url\":\"http:\/\/marieme.fr\/\",\"name\":\"Mari\\u00e8me\",\"description\":\"Blog couture\",\"potentialAction\":[{\"@type\":\"SearchAction\",\"target\":\"http:\/\/marieme.fr\/?s={search_term_string}\",\"query-input\":\"required name=search_term_string\"}],\"inLanguage\":\"en-US\"},{\"@type\":\"ImageObject\",\"@id\":\"http:\/\/marieme.fr\/?page_id=102#primaryimage\",\"inLanguage\":\"en-US\",\"url\":\"http:\/\/marieme.fr\/wp-content\/uploads\/2021\/03\/A-propos-Marieme-blog-paint-1.png\",\"width\":306,\"height\":408},{\"@type\":\"WebPage\",\"@id\":\"http:\/\/marieme.fr\/?page_id=102#webpage\",\"url\":\"http:\/\/marieme.fr\/?page_id=102\",\"name\":\"Blog couture pour d\\u00e9butants - A propos - Marieme.fr\",\"isPartOf\":{\"@id\":\"http:\/\/marieme.fr\/#website\"},\"primaryImageOfPage\":{\"@id\":\"http:\/\/marieme.fr\/?page_id=102#primaryimage\"},\"datePublished\":\"2021-02-11T10:35:16+00:00\",\"dateModified\":\"2021-03-05T12:05:59+00:00\",\"description\":\"Blog couture cr\\u00e9\\u00e9 par une d\\u00e9butante pour les d\\u00e9butants. Retrouvez tous les tutos en cliquant ici !\",\"breadcrumb\":{\"@id\":\"http:\/\/marieme.fr\/?page_id=102#breadcrumb\"},\"inLanguage\":\"en-US\",\"potentialAction\":[{\"@type\":\"ReadAction\",\"target\":[\"http:\/\/marieme.fr\/?page_id=102\"]}]},{\"@type\":\"BreadcrumbList\",\"@id\":\"http:\/\/marieme.fr\/?page_id=102#breadcrumb\",\"itemListElement\":[{\"@type\":\"ListItem\",\"position\":1,\"item\":{\"@type\":\"WebPage\",\"@id\":\"http:\/\/marieme.fr\/\",\"url\":\"http:\/\/marieme.fr\/\",\"name\":\"Accueil\"}},{\"@type\":\"ListItem\",\"position\":2,\"item\":{\"@type\":\"WebPage\",\"@id\":\"http:\/\/marieme.fr\/?page_id=102\",\"url\":\"http:\/\/marieme.fr\/?page_id=102\",\"name\":\"QUI SUIS-JE ?\"}}]}]}<\/script>\n<!-- \/ Yoast SEO plugin. -->","_links":{"self":[{"href":"http:\/\/marieme.fr\/index.php?rest_route=\/wp\/v2\/pages\/102"}],"collection":[{"href":"http:\/\/marieme.fr\/index.php?rest_route=\/wp\/v2\/pages"}],"about":[{"href":"http:\/\/marieme.fr\/index.php?rest_route=\/wp\/v2\/types\/page"}],"author":[{"embeddable":true,"href":"http:\/\/marieme.fr\/index.php?rest_route=\/wp\/v2\/users\/1"}],"replies":[{"embeddable":true,"href":"http:\/\/marieme.fr\/index.php?rest_route=%2Fwp%2Fv2%2Fcomments&post=102"}],"version-history":[{"count":19,"href":"http:\/\/marieme.fr\/index.php?rest_route=\/wp\/v2\/pages\/102\/revisions"}],"predecessor-version":[{"id":169,"href":"http:\/\/marieme.fr\/index.php?rest_route=\/wp\/v2\/pages\/102\/revisions\/169"}],"wp:attachment":[{"href":"http:\/\/marieme.fr\/index.php?rest_route=%2Fwp%2Fv2%2Fmedia&parent=102"}],"curies":[{"name":"wp","href":"https:\/\/api.w.org\/{rel}","templated":true}]}}